{"id":7322,"date":"2017-04-20T10:40:03","date_gmt":"2017-04-20T08:40:03","guid":{"rendered":"http:\/\/exicom.se\/?page_id=7322\/"},"modified":"2019-10-04T13:43:42","modified_gmt":"2019-10-04T11:43:42","slug":"contact","status":"publish","type":"page","link":"https:\/\/kund.copernicus.se\/en\/contact\/","title":{"rendered":"Contact"},"content":{"rendered":"<h1>Contact<\/h1>\n<p class=\"preamble\">Kontakta g\u00e4rna oss p\u00e5 <a href=\"https:\/\/kund.copernicus.se\">Exicom Software<\/a> om du har n\u00e5gra fr\u00e5gor eller funderingar om <a href=\"https:\/\/kund.copernicus.se\/produkt\/copernicus-business-suite\/\">Copernicus Business Suite<\/a>. Vi g\u00f6r v\u00e5rt b\u00e4sta f\u00f6r att du ska f\u00e5 hj\u00e4lp s\u00e5 snabbt och effektivt som m\u00f6jligt. Anv\u00e4nd n\u00e5gon av alternativen nedan f\u00f6r snabbast m\u00f6jliga kontakt med oss.<\/p>\n","protected":false},"excerpt":{"rendered":"<p>Contact Kontakta g\u00e4rna oss p\u00e5 Exicom Software om du har n\u00e5gra fr\u00e5gor eller funderingar om Copernicus Business Suite. Vi g\u00f6r<span class=\"excerpt-hellip\"> [\u2026]<\/span><\/p>\n","protected":false},"author":3,"featured_media":4255,"parent":0,"menu_order":0,"comment_status":"closed","ping_status":"closed","template":"","meta":[],"yst_prominent_words":[],"_links":{"self":[{"href":"https:\/\/kund.copernicus.se\/en\/wp-json\/wp\/v2\/pages\/7322"}],"collection":[{"href":"https:\/\/kund.copernicus.se\/en\/wp-json\/wp\/v2\/pages"}],"about":[{"href":"https:\/\/kund.copernicus.se\/en\/wp-json\/wp\/v2\/types\/page"}],"author":[{"embeddable":true,"href":"https:\/\/kund.copernicus.se\/en\/wp-json\/wp\/v2\/users\/3"}],"replies":[{"embeddable":true,"href":"https:\/\/kund.copernicus.se\/en\/wp-json\/wp\/v2\/comments?post=7322"}],"version-history":[{"count":0,"href":"https:\/\/kund.copernicus.se\/en\/wp-json\/wp\/v2\/pages\/7322\/revisions"}],"wp:featuredmedia":[{"embeddable":true,"href":"https:\/\/kund.copernicus.se\/en\/wp-json\/wp\/v2\/media\/4255"}],"wp:attachment":[{"href":"https:\/\/kund.copernicus.se\/en\/wp-json\/wp\/v2\/media?parent=7322"}],"wp:term":[{"taxonomy":"yst_prominent_words","embeddable":true,"href":"https:\/\/kund.copernicus.se\/en\/wp-json\/wp\/v2\/yst_prominent_words?post=7322"}],"curies":[{"name":"wp","href":"https:\/\/api.w.org\/{rel}","templated":true}]}}