{"id":10001,"date":"2018-04-09T11:05:22","date_gmt":"2018-04-09T09:05:22","guid":{"rendered":"http:\/\/exicom.se\/?page_id=10001"},"modified":"2018-04-09T14:55:57","modified_gmt":"2018-04-09T12:55:57","slug":"lansforsakringar","status":"publish","type":"page","link":"https:\/\/kund.copernicus.se\/en\/customers\/lansforsakringar\/","title":{"rendered":"L\u00e4nsf\u00f6rs\u00e4kringar"},"content":{"rendered":"","protected":false},"excerpt":{"rendered":"","protected":false},"author":3,"featured_media":0,"parent":10005,"menu_order":3,"comment_status":"closed","ping_status":"closed","template":"","meta":[],"yst_prominent_words":[],"_links":{"self":[{"href":"https:\/\/kund.copernicus.se\/en\/wp-json\/wp\/v2\/pages\/10001"}],"collection":[{"href":"https:\/\/kund.copernicus.se\/en\/wp-json\/wp\/v2\/pages"}],"about":[{"href":"https:\/\/kund.copernicus.se\/en\/wp-json\/wp\/v2\/types\/page"}],"author":[{"embeddable":true,"href":"https:\/\/kund.copernicus.se\/en\/wp-json\/wp\/v2\/users\/3"}],"replies":[{"embeddable":true,"href":"https:\/\/kund.copernicus.se\/en\/wp-json\/wp\/v2\/comments?post=10001"}],"version-history":[{"count":0,"href":"https:\/\/kund.copernicus.se\/en\/wp-json\/wp\/v2\/pages\/10001\/revisions"}],"up":[{"embeddable":true,"href":"https:\/\/kund.copernicus.se\/en\/wp-json\/wp\/v2\/pages\/10005"}],"wp:attachment":[{"href":"https:\/\/kund.copernicus.se\/en\/wp-json\/wp\/v2\/media?parent=10001"}],"wp:term":[{"taxonomy":"yst_prominent_words","embeddable":true,"href":"https:\/\/kund.copernicus.se\/en\/wp-json\/wp\/v2\/yst_prominent_words?post=10001"}],"curies":[{"name":"wp","href":"https:\/\/api.w.org\/{rel}","templated":true}]}}